{"id":868,"date":"2025-10-06T01:49:49","date_gmt":"2025-10-06T01:49:49","guid":{"rendered":"https:\/\/truyenhinhso.biz.vn\/?page_id=868"},"modified":"2025-10-06T02:52:05","modified_gmt":"2025-10-06T02:52:05","slug":"su-menh","status":"publish","type":"page","link":"https:\/\/truyenhinhso.biz.vn\/index.php\/lien-he\/su-menh\/","title":{"rendered":"S\u1ee9 m\u1ec7nh"},"content":{"rendered":"\n<p><strong>S\u1ee9 m\u1ec7nh c\u1ee7a t\u1ed5 ch\u1ee9c<\/strong><\/p>\n\n\n\n<p>Ch\u00fang t\u00f4i ra \u0111\u1eddi nh\u1eb1m t\u1eadp h\u1ee3p nh\u1eefng ng\u01b0\u1eddi tr\u1ebb, n\u0103ng \u0111\u1ed9ng, nhi\u1ec1u nhi\u1ec7t huy\u1ebft t\u1eeb m\u1ecdi mi\u1ec1n c\u1ee7a \u0111\u1ea5t n\u01b0\u1edbc \u0111\u1ec3 c\u00f9ng c\u1ed9ng t\u00e1c v\u1edbi nhau trong v\u00f2ng 50 n\u0103m v\u1edbi mong mu\u1ed1n tr\u1edf th\u00e0nh m\u1ed9t trong nh\u1eefng c\u00f4ng ty c\u00f3 t\u00ean tu\u1ed5i t\u1ea1i Vi\u1ec7t Nam<\/p>\n\n\n\n<ul class=\"wp-block-list\">\n<li>Th\u1ecfa m\u00e3n t\u1ed1t nh\u1ea5t nhu c\u1ea7u&nbsp;<strong>kh\u00e1ch h\u00e0ng (C)<\/strong>&nbsp;th\u00f4ng qua s\u1ea3n ph\u1ea9m, gi\u1ea3i ph\u00e1p v\u00e0 d\u1ecbch v\u1ee5 trong l\u0129nh v\u1ef1c ICT<\/li>\n\n\n\n<li>N\u00e2ng cao ch\u1ea5t l\u01b0\u1ee3ng s\u1ed1ng cho&nbsp;<strong>c\u00e1c th\u00e0nh vi\u00ean (E)<\/strong>&nbsp;trong t\u1ed5 ch\u1ee9c;<\/li>\n\n\n\n<li>\u0110\u00e1p \u1ee9ng k\u1ef3 v\u1ecdng c\u1ee7a c\u00e1c&nbsp;<strong>nh\u00e0 \u0111\u1ea7u t\u01b0\/c\u1ed5 \u0111\u00f4ng (O)<\/strong>;<\/li>\n\n\n\n<li>T\u00edch c\u1ef1c \u0111\u00f3ng g\u00f3p l\u1ea1i&nbsp;<strong>cho c\u1ed9ng \u0111\u1ed3ng (S)<\/strong><\/li>\n<\/ul>\n\n\n\n<figure class=\"wp-block-image\"><img decoding=\"async\" src=\"https:\/\/snt.com.vn\/uploads\/ve-chung-toi\/ceos.png\" alt=\"\"\/><\/figure>\n\n\n\n<p><\/p>\n","protected":false},"excerpt":{"rendered":"<p>S\u1ee9 m\u1ec7nh c\u1ee7a t\u1ed5 ch\u1ee9c Ch\u00fang t\u00f4i ra \u0111\u1eddi nh\u1eb1m t\u1eadp h\u1ee3p nh\u1eefng ng\u01b0\u1eddi tr\u1ebb, n\u0103ng \u0111\u1ed9ng, nhi\u1ec1u nhi\u1ec7t huy\u1ebft [&hellip;]<\/p>\n","protected":false},"author":1,"featured_media":0,"parent":170,"menu_order":0,"comment_status":"closed","ping_status":"closed","template":"","meta":{"_eb_attr":"","_uag_custom_page_level_css":"","site-sidebar-layout":"default","site-content-layout":"","ast-site-content-layout":"default","site-content-style":"default","site-sidebar-style":"default","ast-global-header-display":"","ast-banner-title-visibility":"","ast-main-header-display":"","ast-hfb-above-header-display":"","ast-hfb-below-header-display":"","ast-hfb-mobile-header-display":"","site-post-title":"","ast-breadcrumbs-content":"","ast-featured-img":"","footer-sml-layout":"","theme-transparent-header-meta":"","adv-header-id-meta":"","stick-header-meta":"","header-above-stick-meta":"","header-main-stick-meta":"","header-below-stick-meta":"","astra-migrate-meta-layouts":"default","ast-page-background-enabled":"default","ast-page-background-meta":{"desktop":{"background-color":"var(--ast-global-color-5)","background-image":"","background-repeat":"repeat","background-position":"center center","background-size":"auto","background-attachment":"scroll","background-type":"","background-media":"","overlay-type":"","overlay-color":"","overlay-opacity":"","overlay-gradient":""},"tablet":{"background-color":"","background-image":"","background-repeat":"repeat","background-position":"center center","background-size":"auto","background-attachment":"scroll","background-type":"","background-media":"","overlay-type":"","overlay-color":"","overlay-opacity":"","overlay-gradient":""},"mobile":{"background-color":"","background-image":"","background-repeat":"repeat","background-position":"center center","background-size":"auto","background-attachment":"scroll","background-type":"","background-media":"","overlay-type":"","overlay-color":"","overlay-opacity":"","overlay-gradient":""}},"ast-content-background-meta":{"desktop":{"background-color":"var(--ast-global-color-4)","background-image":"","background-repeat":"repeat","background-position":"center center","background-size":"auto","background-attachment":"scroll","background-type":"","background-media":"","overlay-type":"","overlay-color":"","overlay-opacity":"","overlay-gradient":""},"tablet":{"background-color":"var(--ast-global-color-4)","background-image":"","background-repeat":"repeat","background-position":"center center","background-size":"auto","background-attachment":"scroll","background-type":"","background-media":"","overlay-type":"","overlay-color":"","overlay-opacity":"","overlay-gradient":""},"mobile":{"background-color":"var(--ast-global-color-4)","background-image":"","background-repeat":"repeat","background-position":"center center","background-size":"auto","background-attachment":"scroll","background-type":"","background-media":"","overlay-type":"","overlay-color":"","overlay-opacity":"","overlay-gradient":""}},"footnotes":""},"class_list":["post-868","page","type-page","status-publish","hentry"],"jetpack_sharing_enabled":true,"uagb_featured_image_src":{"full":false,"thumbnail":false,"medium":false,"medium_large":false,"large":false,"post-slider-thumb-size":false,"post-category-slider-size":false,"1536x1536":false,"2048x2048":false,"mailpoet_newsletter_max":false,"woocommerce_thumbnail":false,"woocommerce_single":false,"woocommerce_gallery_thumbnail":false},"uagb_author_info":{"display_name":"admin","author_link":"https:\/\/truyenhinhso.biz.vn\/index.php\/author\/admin\/"},"uagb_comment_info":0,"uagb_excerpt":"S\u1ee9 m\u1ec7nh c\u1ee7a t\u1ed5 ch\u1ee9c Ch\u00fang t\u00f4i ra \u0111\u1eddi nh\u1eb1m t\u1eadp h\u1ee3p nh\u1eefng ng\u01b0\u1eddi tr\u1ebb, n\u0103ng \u0111\u1ed9ng, nhi\u1ec1u nhi\u1ec7t huy\u1ebft [&hellip;]","jetpack-related-posts":[],"_links":{"self":[{"href":"https:\/\/truyenhinhso.biz.vn\/index.php\/wp-json\/wp\/v2\/pages\/868","targetHints":{"allow":["GET"]}}],"collection":[{"href":"https:\/\/truyenhinhso.biz.vn\/index.php\/wp-json\/wp\/v2\/pages"}],"about":[{"href":"https:\/\/truyenhinhso.biz.vn\/index.php\/wp-json\/wp\/v2\/types\/page"}],"author":[{"embeddable":true,"href":"https:\/\/truyenhinhso.biz.vn\/index.php\/wp-json\/wp\/v2\/users\/1"}],"replies":[{"embeddable":true,"href":"https:\/\/truyenhinhso.biz.vn\/index.php\/wp-json\/wp\/v2\/comments?post=868"}],"version-history":[{"count":3,"href":"https:\/\/truyenhinhso.biz.vn\/index.php\/wp-json\/wp\/v2\/pages\/868\/revisions"}],"predecessor-version":[{"id":897,"href":"https:\/\/truyenhinhso.biz.vn\/index.php\/wp-json\/wp\/v2\/pages\/868\/revisions\/897"}],"up":[{"embeddable":true,"href":"https:\/\/truyenhinhso.biz.vn\/index.php\/wp-json\/wp\/v2\/pages\/170"}],"wp:attachment":[{"href":"https:\/\/truyenhinhso.biz.vn\/index.php\/wp-json\/wp\/v2\/media?parent=868"}],"curies":[{"name":"wp","href":"https:\/\/api.w.org\/{rel}","templated":true}]}}