{"id":866,"date":"2025-10-06T01:49:02","date_gmt":"2025-10-06T01:49:02","guid":{"rendered":"https:\/\/truyenhinhso.biz.vn\/?page_id=866"},"modified":"2025-10-06T02:47:00","modified_gmt":"2025-10-06T02:47:00","slug":"gia-tri-va-phuong-cham-hoat-dong","status":"publish","type":"page","link":"https:\/\/truyenhinhso.biz.vn\/index.php\/lien-he\/gia-tri-va-phuong-cham-hoat-dong\/","title":{"rendered":"Gi\u00e1 tr\u1ecb v\u00e0 ph\u01b0\u01a1ng ch\u00e2m ho\u1ea1t \u0111\u1ed9ng"},"content":{"rendered":"\n<p>&#8211;\u00a0<em>Kh\u00e1ch h\u00e0ng quy\u1ebft \u0111\u1ecbnh h\u00e0nh \u0111\u1ed9ng c\u1ee7a SNT<\/em><br>Mang l\u1ea1i gi\u00e1 tr\u1ecb cho kh\u00e1ch h\u00e0ng. Th\u00e0nh c\u00f4ng c\u1ee7a SNT ph\u1ee5 thu\u1ed9c v\u00e0o s\u1ef1 tho\u1ea3 m\u00e3n c\u1ee7a kh\u00e1ch h\u00e0ng.<br>&#8211;\u00a0<em>T\u01b0\u01a1ng lai \u0111\u01b0\u1ee3c t\u1ea1o d\u1ef1ng b\u1eb1ng s\u1ef1 S\u00e1ng t\u1ea1o<\/em><br>Khuy\u1ebfn kh\u00edch th\u1eed nghi\u1ec7m v\u00e0 v\u1eadn d\u1ee5ng kh\u1ea3 n\u0103ng s\u00e1ng t\u1ea1o. S\u00e1ng t\u1ea1o v\u00e0 ch\u1ea5p nh\u1eadn r\u1ee7i ro s\u1ebd gi\u00fap x\u00e2y d\u1ef1ng m\u1ed9t m\u00f4i tr\u01b0\u1eddng l\u00e0m vi\u1ec7c n\u0103ng \u0111\u1ed9ng, lu\u00f4n ti\u1ebfn v\u1ec1 ph\u00eda tr\u01b0\u1edbc.<br>\u00a0<br>\u00a0&#8211;<em>\u00a0Th\u00e0nh c\u00f4ng t\u1ee9c l\u00e0 d\u00e0nh \u0111\u01b0\u1ee3c l\u1ee3i nhu\u1eadn t\u1eeb ho\u1ea1t \u0111\u1ed9ng kinh doanh<\/em><br>L\u1ee3i nhu\u1eadn l\u00e0 m\u1ee5c \u0111\u00edch kinh doanh. T\u1ed1i \u01b0u ho\u00e1 th\u1eddi gian, qu\u1ea3n l\u00fd t\u1ed1t ch\u1ea5t l\u01b0\u1ee3ng v\u00e0 chi ph\u00ed trong m\u1ecdi ho\u1ea1t \u0111\u1ed9ng l\u00e0 ch\u00eca kh\u00f3a \u0111\u1ea3m b\u1ea3o th\u00e0nh c\u00f4ng v\u1ec1 t\u00e0i ch\u00ednh.<br>\u00a0&#8211;\u00a0<em>S\u1ef1 qu\u1ea3n l\u00fd v\u00e0 l\u00e3nh \u0111\u1ea1o xu\u1ea5t s\u1eafc s\u1ebd mang l\u1ea1i nh\u1eefng th\u00e0nh qu\u1ea3 v\u01b0\u1ee3t b\u1eadc<\/em><br>X\u00e2y d\u1ef1ng \u0111\u1ed9i ng\u0169 qu\u1ea3n l\u00fd g\u1ed3m nh\u1eefng ng\u01b0\u1eddi c\u00f3 kh\u1ea3 n\u0103ng ho\u1ea1ch \u0111\u1ecbnh nh\u1eefng m\u1ee5c ti\u00eau r\u00f5 r\u00e0ng, nhi\u1ec1u tham v\u1ecdng v\u00e0 ph\u00f9 h\u1ee3p v\u1edbi th\u1ef1c t\u1ebf. Coi thay \u0111\u1ed5i l\u00e0 c\u01a1 h\u1ed9i. L\u00e3nh \u0111\u1ea1o d\u1ef1a tr\u00ean c\u01a1 s\u1edf l\u00f2ng tin. Trao quy\u1ec1n cho nh\u00e2n vi\u00ean \u0111\u1ec3 h\u1ecd t\u1ef1 ra quy\u1ebft \u0111\u1ecbnh c\u1ea7n thi\u1ebft trong c\u00f4ng vi\u1ec7c. D\u00e1m l\u00e0m, d\u00e1m ch\u1ecbu tr\u00e1ch nhi\u1ec7m. Ki\u00ean \u0111\u1ecbnh v\u00e0 v\u1eefng v\u00e0ng khi c\u1ea7n thay \u0111\u1ed5i.<br>\u00a0&#8211;<em>\u00a0H\u1ecdc t\u1eadp l\u00e0 ch\u00eca kho\u00e1 \u0111\u1ec3 kh\u00f4ng ng\u1eebng ti\u1ebfn b\u1ed9<\/em><br>Kh\u00f4ng ng\u1eebng h\u1ecdc h\u1ecfi. Hoan ngh\u00eanh v\u00e0 \u0111\u00f3n nh\u1eadn nh\u1eefng g\u00f3p \u00fd c\u1edfi m\u1edf. H\u1ecdc h\u1ecfi t\u1eeb nh\u1eefng sai l\u1ea7m, th\u1ea5t b\u1ea1i c\u1ee7a ch\u00ednh m\u00ecnh. Nhanh ch\u00f3ng n\u1eafm b\u1eaft c\u01a1 h\u1ed9i m\u1edbi, v\u1eadn d\u1ee5ng ngay ki\u1ebfn th\u1ee9c, k\u0129 n\u0103ng v\u00e0o c\u00f4ng vi\u1ec7c.<br>\u00a0&#8211;<em>\u00a0S\u1ef1 c\u1ed9ng t\u00e1c, h\u1ee3p s\u1ee9c \u0111em l\u1ea1i s\u1ee9c m\u1ea1nh<\/em><br>H\u1ee3p t\u00e1c tr\u00ean c\u01a1 s\u1edf l\u00f2ng tin, s\u1ef1 trung th\u1ef1c v\u00e0 li\u00eam ch\u00ednh c\u1ee7a m\u1ed7i c\u00e1 nh\u00e2n, s\u1ef1 t\u00f4n tr\u1ecdng l\u1eabn nhau, v\u00e0 s\u1ef1 c\u1edfi m\u1edf trong giao ti\u1ebfp.<\/p>\n","protected":false},"excerpt":{"rendered":"<p>&#8211;\u00a0Kh\u00e1ch h\u00e0ng quy\u1ebft \u0111\u1ecbnh h\u00e0nh \u0111\u1ed9ng c\u1ee7a SNTMang l\u1ea1i gi\u00e1 tr\u1ecb cho kh\u00e1ch h\u00e0ng. Th\u00e0nh c\u00f4ng c\u1ee7a SNT ph\u1ee5 thu\u1ed9c [&hellip;]<\/p>\n","protected":false},"author":1,"featured_media":0,"parent":170,"menu_order":0,"comment_status":"closed","ping_status":"closed","template":"","meta":{"_eb_attr":"","_uag_custom_page_level_css":"","site-sidebar-layout":"default","site-content-layout":"","ast-site-content-layout":"default","site-content-style":"default","site-sidebar-style":"default","ast-global-header-display":"","ast-banner-title-visibility":"","ast-main-header-display":"","ast-hfb-above-header-display":"","ast-hfb-below-header-display":"","ast-hfb-mobile-header-display":"","site-post-title":"","ast-breadcrumbs-content":"","ast-featured-img":"","footer-sml-layout":"","theme-transparent-header-meta":"","adv-header-id-meta":"","stick-header-meta":"","header-above-stick-meta":"","header-main-stick-meta":"","header-below-stick-meta":"","astra-migrate-meta-layouts":"default","ast-page-background-enabled":"default","ast-page-background-meta":{"desktop":{"background-color":"var(--ast-global-color-5)","background-image":"","background-repeat":"repeat","background-position":"center center","background-size":"auto","background-attachment":"scroll","background-type":"","background-media":"","overlay-type":"","overlay-color":"","overlay-opacity":"","overlay-gradient":""},"tablet":{"background-color":"","background-image":"","background-repeat":"repeat","background-position":"center center","background-size":"auto","background-attachment":"scroll","background-type":"","background-media":"","overlay-type":"","overlay-color":"","overlay-opacity":"","overlay-gradient":""},"mobile":{"background-color":"","background-image":"","background-repeat":"repeat","background-position":"center center","background-size":"auto","background-attachment":"scroll","background-type":"","background-media":"","overlay-type":"","overlay-color":"","overlay-opacity":"","overlay-gradient":""}},"ast-content-background-meta":{"desktop":{"background-color":"var(--ast-global-color-4)","background-image":"","background-repeat":"repeat","background-position":"center center","background-size":"auto","background-attachment":"scroll","background-type":"","background-media":"","overlay-type":"","overlay-color":"","overlay-opacity":"","overlay-gradient":""},"tablet":{"background-color":"var(--ast-global-color-4)","background-image":"","background-repeat":"repeat","background-position":"center center","background-size":"auto","background-attachment":"scroll","background-type":"","background-media":"","overlay-type":"","overlay-color":"","overlay-opacity":"","overlay-gradient":""},"mobile":{"background-color":"var(--ast-global-color-4)","background-image":"","background-repeat":"repeat","background-position":"center center","background-size":"auto","background-attachment":"scroll","background-type":"","background-media":"","overlay-type":"","overlay-color":"","overlay-opacity":"","overlay-gradient":""}},"footnotes":""},"class_list":["post-866","page","type-page","status-publish","hentry"],"jetpack_sharing_enabled":true,"uagb_featured_image_src":{"full":false,"thumbnail":false,"medium":false,"medium_large":false,"large":false,"post-slider-thumb-size":false,"post-category-slider-size":false,"1536x1536":false,"2048x2048":false,"mailpoet_newsletter_max":false,"woocommerce_thumbnail":false,"woocommerce_single":false,"woocommerce_gallery_thumbnail":false},"uagb_author_info":{"display_name":"admin","author_link":"https:\/\/truyenhinhso.biz.vn\/index.php\/author\/admin\/"},"uagb_comment_info":0,"uagb_excerpt":"&#8211;\u00a0Kh\u00e1ch h\u00e0ng quy\u1ebft \u0111\u1ecbnh h\u00e0nh \u0111\u1ed9ng c\u1ee7a SNTMang l\u1ea1i gi\u00e1 tr\u1ecb cho kh\u00e1ch h\u00e0ng. Th\u00e0nh c\u00f4ng c\u1ee7a SNT ph\u1ee5 thu\u1ed9c [&hellip;]","jetpack-related-posts":[],"_links":{"self":[{"href":"https:\/\/truyenhinhso.biz.vn\/index.php\/wp-json\/wp\/v2\/pages\/866","targetHints":{"allow":["GET"]}}],"collection":[{"href":"https:\/\/truyenhinhso.biz.vn\/index.php\/wp-json\/wp\/v2\/pages"}],"about":[{"href":"https:\/\/truyenhinhso.biz.vn\/index.php\/wp-json\/wp\/v2\/types\/page"}],"author":[{"embeddable":true,"href":"https:\/\/truyenhinhso.biz.vn\/index.php\/wp-json\/wp\/v2\/users\/1"}],"replies":[{"embeddable":true,"href":"https:\/\/truyenhinhso.biz.vn\/index.php\/wp-json\/wp\/v2\/comments?post=866"}],"version-history":[{"count":2,"href":"https:\/\/truyenhinhso.biz.vn\/index.php\/wp-json\/wp\/v2\/pages\/866\/revisions"}],"predecessor-version":[{"id":894,"href":"https:\/\/truyenhinhso.biz.vn\/index.php\/wp-json\/wp\/v2\/pages\/866\/revisions\/894"}],"up":[{"embeddable":true,"href":"https:\/\/truyenhinhso.biz.vn\/index.php\/wp-json\/wp\/v2\/pages\/170"}],"wp:attachment":[{"href":"https:\/\/truyenhinhso.biz.vn\/index.php\/wp-json\/wp\/v2\/media?parent=866"}],"curies":[{"name":"wp","href":"https:\/\/api.w.org\/{rel}","templated":true}]}}