{"id":864,"date":"2025-10-06T01:48:07","date_gmt":"2025-10-06T01:48:07","guid":{"rendered":"https:\/\/truyenhinhso.biz.vn\/?page_id=864"},"modified":"2025-10-06T02:48:27","modified_gmt":"2025-10-06T02:48:27","slug":"vien-canh","status":"publish","type":"page","link":"https:\/\/truyenhinhso.biz.vn\/index.php\/lien-he\/vien-canh\/","title":{"rendered":"Vi\u1ec5n c\u1ea3nh"},"content":{"rendered":"\n<p><strong>Hi\u1ec7n t\u1ea1i:<\/strong><br>\u25cb M\u1ed9t trong c\u00e1c c\u00f4ng ty h\u00e0ng \u0111\u1ea7u cung c\u1ea5p gi\u1ea3i ph\u00e1p \u0111i\u1ec7n nh\u1eb9 (ELV) v\u00e0 A\/V Pro trong c\u1ea3 n\u01b0\u1edbc<br>\u25cb Top 20 c\u00e1c c\u00f4ng ty cung c\u1ea5p c\u00e1c gi\u1ea3i ph\u00e1p kh\u00f4ng ti\u1ebfp x\u00fac, AC, RMS d\u00e0nh cho c\u00e1c doanh nghi\u1ec7p<br><strong>Trong 5 n\u0103m t\u1edbi:<\/strong><br>\u25cb N\u1eb1m trong top 05 c\u00e1c c\u00f4ng ty cung c\u1ea5p c\u00e1c s\u1ea3n ph\u1ea9m v\u00e0 gi\u1ea3i ph\u00e1p kh\u00f4ng ti\u1ebfp x\u00fac, AC v\u00e0 RMS<br>\u25cb \u0110\u1ea1t doanh thu 500 t\u1ef7 VND (~ $20.000.000)<br>\u25cb M\u1edf r\u1ed9ng th\u00eam v\u0103n ph\u00f2ng \u1edf H\u00e0 N\u1ed9i, \u0110\u00e0 N\u1eb5ng v\u00e0 Ph\u00fa Qu\u1ed1c<br>\u25cb M\u1edf r\u1ed9ng m\u1ea1ng l\u01b0\u1edbi kinh doanh \u0111\u1ebfn nhi\u1ec1u t\u1ec9nh th\u00e0nh trong c\u1ea3 n\u01b0\u1edbc.<br><strong>Tr\u1edf th\u00e0nh n\u01a1i l\u00e0m vi\u1ec7c \u0111\u00e1ng tin c\u1eady c\u1ee7a nh\u00e2n vi\u00ean<br>N\u00e2ng cao ch\u1ea5t l\u01b0\u1ee3ng cu\u1ed9c s\u1ed1ng cho ng\u01b0\u1eddi lao \u0111\u1ed9ng<\/strong><\/p>\n","protected":false},"excerpt":{"rendered":"<p>Hi\u1ec7n t\u1ea1i:\u25cb M\u1ed9t trong c\u00e1c c\u00f4ng ty h\u00e0ng \u0111\u1ea7u cung c\u1ea5p gi\u1ea3i ph\u00e1p \u0111i\u1ec7n nh\u1eb9 (ELV) v\u00e0 A\/V Pro trong [&hellip;]<\/p>\n","protected":false},"author":1,"featured_media":0,"parent":170,"menu_order":0,"comment_status":"closed","ping_status":"closed","template":"","meta":{"_eb_attr":"","_uag_custom_page_level_css":"","site-sidebar-layout":"default","site-content-layout":"","ast-site-content-layout":"default","site-content-style":"default","site-sidebar-style":"default","ast-global-header-display":"","ast-banner-title-visibility":"","ast-main-header-display":"","ast-hfb-above-header-display":"","ast-hfb-below-header-display":"","ast-hfb-mobile-header-display":"","site-post-title":"","ast-breadcrumbs-content":"","ast-featured-img":"","footer-sml-layout":"","theme-transparent-header-meta":"","adv-header-id-meta":"","stick-header-meta":"","header-above-stick-meta":"","header-main-stick-meta":"","header-below-stick-meta":"","astra-migrate-meta-layouts":"default","ast-page-background-enabled":"default","ast-page-background-meta":{"desktop":{"background-color":"var(--ast-global-color-5)","background-image":"","background-repeat":"repeat","background-position":"center center","background-size":"auto","background-attachment":"scroll","background-type":"","background-media":"","overlay-type":"","overlay-color":"","overlay-opacity":"","overlay-gradient":""},"tablet":{"background-color":"","background-image":"","background-repeat":"repeat","background-position":"center center","background-size":"auto","background-attachment":"scroll","background-type":"","background-media":"","overlay-type":"","overlay-color":"","overlay-opacity":"","overlay-gradient":""},"mobile":{"background-color":"","background-image":"","background-repeat":"repeat","background-position":"center center","background-size":"auto","background-attachment":"scroll","background-type":"","background-media":"","overlay-type":"","overlay-color":"","overlay-opacity":"","overlay-gradient":""}},"ast-content-background-meta":{"desktop":{"background-color":"var(--ast-global-color-4)","background-image":"","background-repeat":"repeat","background-position":"center center","background-size":"auto","background-attachment":"scroll","background-type":"","background-media":"","overlay-type":"","overlay-color":"","overlay-opacity":"","overlay-gradient":""},"tablet":{"background-color":"var(--ast-global-color-4)","background-image":"","background-repeat":"repeat","background-position":"center center","background-size":"auto","background-attachment":"scroll","background-type":"","background-media":"","overlay-type":"","overlay-color":"","overlay-opacity":"","overlay-gradient":""},"mobile":{"background-color":"var(--ast-global-color-4)","background-image":"","background-repeat":"repeat","background-position":"center center","background-size":"auto","background-attachment":"scroll","background-type":"","background-media":"","overlay-type":"","overlay-color":"","overlay-opacity":"","overlay-gradient":""}},"footnotes":""},"class_list":["post-864","page","type-page","status-publish","hentry"],"jetpack_sharing_enabled":true,"uagb_featured_image_src":{"full":false,"thumbnail":false,"medium":false,"medium_large":false,"large":false,"post-slider-thumb-size":false,"post-category-slider-size":false,"1536x1536":false,"2048x2048":false,"mailpoet_newsletter_max":false,"woocommerce_thumbnail":false,"woocommerce_single":false,"woocommerce_gallery_thumbnail":false},"uagb_author_info":{"display_name":"admin","author_link":"https:\/\/truyenhinhso.biz.vn\/index.php\/author\/admin\/"},"uagb_comment_info":0,"uagb_excerpt":"Hi\u1ec7n t\u1ea1i:\u25cb M\u1ed9t trong c\u00e1c c\u00f4ng ty h\u00e0ng \u0111\u1ea7u cung c\u1ea5p gi\u1ea3i ph\u00e1p \u0111i\u1ec7n nh\u1eb9 (ELV) v\u00e0 A\/V Pro trong [&hellip;]","jetpack-related-posts":[],"_links":{"self":[{"href":"https:\/\/truyenhinhso.biz.vn\/index.php\/wp-json\/wp\/v2\/pages\/864","targetHints":{"allow":["GET"]}}],"collection":[{"href":"https:\/\/truyenhinhso.biz.vn\/index.php\/wp-json\/wp\/v2\/pages"}],"about":[{"href":"https:\/\/truyenhinhso.biz.vn\/index.php\/wp-json\/wp\/v2\/types\/page"}],"author":[{"embeddable":true,"href":"https:\/\/truyenhinhso.biz.vn\/index.php\/wp-json\/wp\/v2\/users\/1"}],"replies":[{"embeddable":true,"href":"https:\/\/truyenhinhso.biz.vn\/index.php\/wp-json\/wp\/v2\/comments?post=864"}],"version-history":[{"count":2,"href":"https:\/\/truyenhinhso.biz.vn\/index.php\/wp-json\/wp\/v2\/pages\/864\/revisions"}],"predecessor-version":[{"id":895,"href":"https:\/\/truyenhinhso.biz.vn\/index.php\/wp-json\/wp\/v2\/pages\/864\/revisions\/895"}],"up":[{"embeddable":true,"href":"https:\/\/truyenhinhso.biz.vn\/index.php\/wp-json\/wp\/v2\/pages\/170"}],"wp:attachment":[{"href":"https:\/\/truyenhinhso.biz.vn\/index.php\/wp-json\/wp\/v2\/media?parent=864"}],"curies":[{"name":"wp","href":"https:\/\/api.w.org\/{rel}","templated":true}]}}