{"id":856,"date":"2025-10-06T01:42:28","date_gmt":"2025-10-06T01:42:28","guid":{"rendered":"https:\/\/truyenhinhso.biz.vn\/?page_id=856"},"modified":"2025-10-06T02:28:32","modified_gmt":"2025-10-06T02:28:32","slug":"linh-vuc-hoat-dong","status":"publish","type":"page","link":"https:\/\/truyenhinhso.biz.vn\/index.php\/lien-he\/linh-vuc-hoat-dong\/","title":{"rendered":"L\u0129nh v\u1ef1c ho\u1ea1t \u0111\u1ed9ng"},"content":{"rendered":"\n<p>SNT h\u1ecdat \u0111\u1ed9ng nh\u01b0 m\u1ed9t nh\u00e0 ph\u00e2n ph\u1ed1i s\u1ea3n ph\u1ea9m, t\u00edch h\u1ee3p&nbsp;gi\u1ea3i ph\u00e1p, v\u00e0 d\u1ecbch v\u1ee5 \u0111\u00e1ng tin c\u1eady t\u1ea1i Vi\u1ec7t Nam. B\u1eb1ng s\u1ea3n ph\u1ea9m c\u1ee7a c\u00e1c nh\u00e0 s\u1ea3n xu\u1ea5t h\u00e0ng \u0111\u1ea7u th\u1ebf gi\u1edbi, c\u1ed9ng v\u1edbi \u0111\u1ed9i ng\u0169 nh\u00e2n vi\u00ean chuy\u00ean nghi\u1ec7p, \u0111\u01b0\u1ee3c \u0111\u00e0o t\u1ea1o b\u00e0i b\u1ea3n t\u1eeb c\u00e1c tr\u01b0\u1eddng \u0111\u1ea1i h\u1ecdc danh ti\u1ebfng trong v\u00e0 ngo\u00e0i n\u01b0\u1edbc, SNT \u0111\u00e3 v\u00e0 \u0111ang cung c\u1ea5p cho kh\u00e1ch h\u00e0ng nh\u1eefng s\u1ea3n ph\u1ea9m v\u00e0 gi\u1ea3i ph\u00e1p hi\u1ec7u qu\u1ea3, ho\u00e0n to\u00e0n th\u1ecfa m\u00e3n nh\u1eefng nhu c\u1ea7u kh\u1eaft khe nh\u1ea5t.<br>D\u1ecbch v\u1ee5 k\u1ef9 thu\u1eadt m\u00e0 SNT cung c\u1ea5p th\u1ef1c s\u1ef1 \u0111a d\u1ea1ng, t\u1ea1o ra cho kh\u00e1ch h\u00e0ng nh\u1eefng gi\u00e1 tr\u1ecb c\u1ed9ng th\u00eam h\u1eefu \u00edch, gi\u00fap h\u1ecd ng\u00e0y c\u00e0ng n\u00e2ng cao hi\u1ec7u qu\u1ea3 ho\u1ea1t \u0111\u1ed9ng c\u1ee7a \u0111\u01a1n v\u1ecb m\u00ecnh.<\/p>\n\n\n\n<figure class=\"wp-block-table\"><table class=\"has-fixed-layout\"><tbody><tr><td><strong>T\u01b0 v\u1ea5n<\/strong><\/td><td><strong>Thi\u1ebft k\u1ebf<\/strong><\/td><td><strong>Tri\u1ec3n khai<\/strong><\/td><td><strong>V\u1eadn h\u00e0nh<\/strong><\/td><td><strong>B\u1ea3o tr\u00ec<\/strong><\/td><\/tr><tr><td>Ph\u00e2n t\u00edch y\u00eau c\u1ea7u k\u1ef9 thu\u1eadt<br>T\u01b0 v\u1ea5n ki\u1ebfn tr\u00fac m\u1ea1ng l\u01b0\u1edbi<br>T\u01b0 v\u1ea5n an ninh m\u1ea1ng<br>T\u01b0 v\u1ea5n k\u1ef9 thu\u1eadt<br>T\u01b0 v\u1ea5n khai th\u00e1c, v\u1eadn h\u00e0nh<\/td><td>Thi\u1ebft k\u1ebf M\u1ea1ng l\u01b0\u1edbi<br>Thi\u1ebft k\u1ebf Gi\u1ea3i ph\u00e1p v\u00e0 \u1ee9ng d\u1ee5ng<\/td><td>Kh\u1ea3o s\u00e1t hi\u1ec7n tr\u1ea1ng<br>L\u1eafp \u0111\u1eb7tNghi\u1ec7m thu<\/td><td>V\u1eadn h\u00e0nh H\u1ec7 th\u1ed1ng<br>Qu\u1ea3n tr\u1ecb H\u1ec7 th\u1ed1ng<\/td><td>H\u1ed7 tr\u1ee3 t\u1eeb xa<br>H\u1ed7 tr\u1ee3 kh\u1ea9n c\u1ea5p<br>H\u1ed7 tr\u1ee3 t\u1ea1i ch\u1ed7<br>S\u1eeda l\u1ed7i<br>S\u1eeda ch\u1eefa v\u00e0 thay th\u1ebf<br>C\u1eadp nh\u1eadt v\u00e0 n\u00e2ng c\u1ea5p h\u1ec7 th\u1ed1ng<br>B\u1ea3o h\u00e0nh m\u1edf r\u1ed9ng<\/td><\/tr><\/tbody><\/table><\/figure>\n","protected":false},"excerpt":{"rendered":"<p>SNT h\u1ecdat \u0111\u1ed9ng nh\u01b0 m\u1ed9t nh\u00e0 ph\u00e2n ph\u1ed1i s\u1ea3n ph\u1ea9m, t\u00edch h\u1ee3p&nbsp;gi\u1ea3i ph\u00e1p, v\u00e0 d\u1ecbch v\u1ee5 \u0111\u00e1ng tin c\u1eady t\u1ea1i [&hellip;]<\/p>\n","protected":false},"author":1,"featured_media":0,"parent":170,"menu_order":0,"comment_status":"closed","ping_status":"closed","template":"","meta":{"_eb_attr":"","_uag_custom_page_level_css":"","site-sidebar-layout":"default","site-content-layout":"","ast-site-content-layout":"default","site-content-style":"default","site-sidebar-style":"default","ast-global-header-display":"","ast-banner-title-visibility":"","ast-main-header-display":"","ast-hfb-above-header-display":"","ast-hfb-below-header-display":"","ast-hfb-mobile-header-display":"","site-post-title":"","ast-breadcrumbs-content":"","ast-featured-img":"disabled","footer-sml-layout":"","theme-transparent-header-meta":"","adv-header-id-meta":"","stick-header-meta":"","header-above-stick-meta":"","header-main-stick-meta":"","header-below-stick-meta":"","astra-migrate-meta-layouts":"default","ast-page-background-enabled":"default","ast-page-background-meta":{"desktop":{"background-color":"var(--ast-global-color-5)","background-image":"","background-repeat":"repeat","background-position":"center center","background-size":"auto","background-attachment":"scroll","background-type":"","background-media":"","overlay-type":"","overlay-color":"","overlay-opacity":"","overlay-gradient":""},"tablet":{"background-color":"","background-image":"","background-repeat":"repeat","background-position":"center center","background-size":"auto","background-attachment":"scroll","background-type":"","background-media":"","overlay-type":"","overlay-color":"","overlay-opacity":"","overlay-gradient":""},"mobile":{"background-color":"","background-image":"","background-repeat":"repeat","background-position":"center center","background-size":"auto","background-attachment":"scroll","background-type":"","background-media":"","overlay-type":"","overlay-color":"","overlay-opacity":"","overlay-gradient":""}},"ast-content-background-meta":{"desktop":{"background-color":"var(--ast-global-color-4)","background-image":"","background-repeat":"repeat","background-position":"center center","background-size":"auto","background-attachment":"scroll","background-type":"","background-media":"","overlay-type":"","overlay-color":"","overlay-opacity":"","overlay-gradient":""},"tablet":{"background-color":"var(--ast-global-color-4)","background-image":"","background-repeat":"repeat","background-position":"center center","background-size":"auto","background-attachment":"scroll","background-type":"","background-media":"","overlay-type":"","overlay-color":"","overlay-opacity":"","overlay-gradient":""},"mobile":{"background-color":"var(--ast-global-color-4)","background-image":"","background-repeat":"repeat","background-position":"center center","background-size":"auto","background-attachment":"scroll","background-type":"","background-media":"","overlay-type":"","overlay-color":"","overlay-opacity":"","overlay-gradient":""}},"footnotes":""},"class_list":["post-856","page","type-page","status-publish","hentry"],"jetpack_sharing_enabled":true,"uagb_featured_image_src":{"full":false,"thumbnail":false,"medium":false,"medium_large":false,"large":false,"post-slider-thumb-size":false,"post-category-slider-size":false,"1536x1536":false,"2048x2048":false,"mailpoet_newsletter_max":false,"woocommerce_thumbnail":false,"woocommerce_single":false,"woocommerce_gallery_thumbnail":false},"uagb_author_info":{"display_name":"admin","author_link":"https:\/\/truyenhinhso.biz.vn\/index.php\/author\/admin\/"},"uagb_comment_info":0,"uagb_excerpt":"SNT h\u1ecdat \u0111\u1ed9ng nh\u01b0 m\u1ed9t nh\u00e0 ph\u00e2n ph\u1ed1i s\u1ea3n ph\u1ea9m, t\u00edch h\u1ee3p&nbsp;gi\u1ea3i ph\u00e1p, v\u00e0 d\u1ecbch v\u1ee5 \u0111\u00e1ng tin c\u1eady t\u1ea1i [&hellip;]","jetpack-related-posts":[],"_links":{"self":[{"href":"https:\/\/truyenhinhso.biz.vn\/index.php\/wp-json\/wp\/v2\/pages\/856","targetHints":{"allow":["GET"]}}],"collection":[{"href":"https:\/\/truyenhinhso.biz.vn\/index.php\/wp-json\/wp\/v2\/pages"}],"about":[{"href":"https:\/\/truyenhinhso.biz.vn\/index.php\/wp-json\/wp\/v2\/types\/page"}],"author":[{"embeddable":true,"href":"https:\/\/truyenhinhso.biz.vn\/index.php\/wp-json\/wp\/v2\/users\/1"}],"replies":[{"embeddable":true,"href":"https:\/\/truyenhinhso.biz.vn\/index.php\/wp-json\/wp\/v2\/comments?post=856"}],"version-history":[{"count":2,"href":"https:\/\/truyenhinhso.biz.vn\/index.php\/wp-json\/wp\/v2\/pages\/856\/revisions"}],"predecessor-version":[{"id":885,"href":"https:\/\/truyenhinhso.biz.vn\/index.php\/wp-json\/wp\/v2\/pages\/856\/revisions\/885"}],"up":[{"embeddable":true,"href":"https:\/\/truyenhinhso.biz.vn\/index.php\/wp-json\/wp\/v2\/pages\/170"}],"wp:attachment":[{"href":"https:\/\/truyenhinhso.biz.vn\/index.php\/wp-json\/wp\/v2\/media?parent=856"}],"curies":[{"name":"wp","href":"https:\/\/api.w.org\/{rel}","templated":true}]}}