{"id":292,"date":"2025-09-19T09:52:26","date_gmt":"2025-09-19T09:52:26","guid":{"rendered":"https:\/\/truyenhinhso.biz.vn\/?page_id=292"},"modified":"2025-09-30T01:54:08","modified_gmt":"2025-09-30T01:54:08","slug":"giai-phap","status":"publish","type":"page","link":"https:\/\/truyenhinhso.biz.vn\/index.php\/giai-phap\/","title":{"rendered":"Gi\u1ea3i ph\u00e1p"},"content":{"rendered":"\n\t\t\t<div class=\"wp-block-uagb-post-grid uagb-post-grid  uagb-post__image-position-top uagb-post__image-enabled uagb-block-fa14a338     uagb-post__items uagb-post__columns-3 is-grid uagb-post__columns-tablet-2 uagb-post__columns-mobile-1 uagb-post__equal-height\" data-total=\"1\" style=\"\">\n\n\t\t\t\t\t\t\t\t\t\t\t\t<article class=\"uagb-post__inner-wrap\">\t\t\t\t\t\t\t\t<div class='uagb-post__image'>\n\t\t\t\t\t\t\t\t\t<a href=\"https:\/\/truyenhinhso.biz.vn\/index.php\/2025\/09\/29\/thue-man-hinh-led-cho-su-kien\/\" target=\"_self\" rel=\"bookmark noopener noreferrer\" class='uagb-image-ratio-2-3'><img loading=\"lazy\" decoding=\"async\" width=\"1024\" height=\"768\" src=\"https:\/\/truyenhinhso.biz.vn\/wp-content\/uploads\/2025\/09\/img_7666-1024x768.jpeg\" class=\"attachment-large size-large\" alt=\"\" srcset=\"https:\/\/truyenhinhso.biz.vn\/wp-content\/uploads\/2025\/09\/img_7666-1024x768.jpeg 1024w, https:\/\/truyenhinhso.biz.vn\/wp-content\/uploads\/2025\/09\/img_7666-300x225.jpeg 300w, https:\/\/truyenhinhso.biz.vn\/wp-content\/uploads\/2025\/09\/img_7666-768x576.jpeg 768w, https:\/\/truyenhinhso.biz.vn\/wp-content\/uploads\/2025\/09\/img_7666-1536x1152.jpeg 1536w, https:\/\/truyenhinhso.biz.vn\/wp-content\/uploads\/2025\/09\/img_7666-1320x990.jpeg 1320w, https:\/\/truyenhinhso.biz.vn\/wp-content\/uploads\/2025\/09\/img_7666-600x450.jpeg 600w, https:\/\/truyenhinhso.biz.vn\/wp-content\/uploads\/2025\/09\/img_7666.jpeg 2000w\" sizes=\"auto, (max-width: 1024px) 100vw, 1024px\" \/>\t\t\t\t\t<\/a>\n\t\t\t\t\t\t\t<\/div>\n\t\t\t\t\t\t<h4 class=\"uagb-post__title uagb-post__text\">\n\t\t\t\t<a href=\"https:\/\/truyenhinhso.biz.vn\/index.php\/2025\/09\/29\/thue-man-hinh-led-cho-su-kien\/\" target=\"_self\" rel=\"bookmark noopener noreferrer\">Thu\u00ea m\u00e0n h\u00ecnh LED cho s\u1ef1 ki\u1ec7n<\/a>\n\t\t\t<\/h4>\n\t\t\t\t\t\t<div class='uagb-post__text uagb-post-grid-byline'>\n\t\t\t\t\t\t\t\t<time datetime=\"2025-09-29T09:12:41+00:00\" class=\"uagb-post__date\">\n\t\t\t\t<span class=\"dashicons-calendar dashicons\"><\/span>\t\t\t\t\t29 Th\u00e1ng 9, 2025\t\t\t\t<\/time>\n\t\t\t\t\t\t\t<span class=\"uagb-post__comment\">\n\t\t\t\t<span class=\"dashicons-admin-comments dashicons\"><\/span>\t\t\t\t\tKh\u00f4ng c\u00f3 b\u00ecnh lu\u1eadn\t\t\t\t<\/span>\n\t\t\t\t\t\t<\/div>\n\t\t\t\t\t\t\t<div class='uagb-post__text uagb-post__excerpt'>\n\t\t\t\t\t<p>Gi\u1ea3i ph\u00e1p ho\u00e0n h\u1ea3o cho kh\u00f4ng gian s\u1ef1 ki\u1ec7n c\u1ee7a b\u1ea1n M\u00e0n h\u00ecnh LED \u0111\u00e3&#8230;\t\t\t\t<\/div>\n\t\t\t\t\t\t<div class=\"uagb-post__text uagb-post__cta wp-block-button\">\n\t\t\t\t<a class=\"wp-block-button__link uagb-text-link\" style=\"\" href=\"https:\/\/truyenhinhso.biz.vn\/index.php\/2025\/09\/29\/thue-man-hinh-led-cho-su-kien\/\" target=\"_self\" rel=\"bookmark noopener noreferrer\">\u0110\u1ecdc th\u00eam<\/a>\n\t\t\t<\/div>\n\t\t\t\n\t\t\t\t\t\t\t\t\t<\/article>\n\t\t\t\t\t\t\t\t\t\t\t\t\t\t\t\t<article class=\"uagb-post__inner-wrap\">\t\t\t\t\t\t\t\t<div class='uagb-post__image'>\n\t\t\t\t\t\t\t\t\t<a href=\"https:\/\/truyenhinhso.biz.vn\/index.php\/2025\/09\/29\/man-hinh-hien-thi-ngoai-troi-dong-samsung-xat\/\" target=\"_self\" rel=\"bookmark noopener noreferrer\" class='uagb-image-ratio-2-3'><img loading=\"lazy\" decoding=\"async\" width=\"1024\" height=\"569\" src=\"https:\/\/truyenhinhso.biz.vn\/wp-content\/uploads\/2025\/09\/28-1024x569.jpg\" class=\"attachment-large size-large\" alt=\"\" srcset=\"https:\/\/truyenhinhso.biz.vn\/wp-content\/uploads\/2025\/09\/28-1024x569.jpg 1024w, https:\/\/truyenhinhso.biz.vn\/wp-content\/uploads\/2025\/09\/28-300x167.jpg 300w, https:\/\/truyenhinhso.biz.vn\/wp-content\/uploads\/2025\/09\/28-768x427.jpg 768w, https:\/\/truyenhinhso.biz.vn\/wp-content\/uploads\/2025\/09\/28-1320x733.jpg 1320w, https:\/\/truyenhinhso.biz.vn\/wp-content\/uploads\/2025\/09\/28-600x333.jpg 600w, https:\/\/truyenhinhso.biz.vn\/wp-content\/uploads\/2025\/09\/28.jpg 1440w\" sizes=\"auto, (max-width: 1024px) 100vw, 1024px\" \/>\t\t\t\t\t<\/a>\n\t\t\t\t\t\t\t<\/div>\n\t\t\t\t\t\t<h4 class=\"uagb-post__title uagb-post__text\">\n\t\t\t\t<a href=\"https:\/\/truyenhinhso.biz.vn\/index.php\/2025\/09\/29\/man-hinh-hien-thi-ngoai-troi-dong-samsung-xat\/\" target=\"_self\" rel=\"bookmark noopener noreferrer\">M\u00e0n H\u00ecnh Hi\u1ec3n Th\u1ecb Ngo\u00e0i Tr\u1eddi D\u00f2ng Samsung XAT<\/a>\n\t\t\t<\/h4>\n\t\t\t\t\t\t<div class='uagb-post__text uagb-post-grid-byline'>\n\t\t\t\t\t\t\t\t<time datetime=\"2025-09-29T09:07:40+00:00\" class=\"uagb-post__date\">\n\t\t\t\t<span class=\"dashicons-calendar dashicons\"><\/span>\t\t\t\t\t29 Th\u00e1ng 9, 2025\t\t\t\t<\/time>\n\t\t\t\t\t\t\t<span class=\"uagb-post__comment\">\n\t\t\t\t<span class=\"dashicons-admin-comments dashicons\"><\/span>\t\t\t\t\tKh\u00f4ng c\u00f3 b\u00ecnh lu\u1eadn\t\t\t\t<\/span>\n\t\t\t\t\t\t<\/div>\n\t\t\t\t\t\t\t<div class='uagb-post__text uagb-post__excerpt'>\n\t\t\t\t\t<p>Gi\u1ea3i Ph\u00e1p Ho\u00e0n H\u1ea3o Cho Kh\u00f4ng Gian Ngo\u00e0i Tr\u1eddi Trong th\u1eddi \u0111\u1ea1i c\u00f4ng ngh\u1ec7 s\u1ed1,&#8230;\t\t\t\t<\/div>\n\t\t\t\t\t\t<div class=\"uagb-post__text uagb-post__cta wp-block-button\">\n\t\t\t\t<a class=\"wp-block-button__link uagb-text-link\" style=\"\" href=\"https:\/\/truyenhinhso.biz.vn\/index.php\/2025\/09\/29\/man-hinh-hien-thi-ngoai-troi-dong-samsung-xat\/\" target=\"_self\" rel=\"bookmark noopener noreferrer\">\u0110\u1ecdc th\u00eam<\/a>\n\t\t\t<\/div>\n\t\t\t\n\t\t\t\t\t\t\t\t\t<\/article>\n\t\t\t\t\t\t\t\t\t\t\t\t\t\t\t\t<article class=\"uagb-post__inner-wrap\">\t\t\t\t\t\t\t\t<div class='uagb-post__image'>\n\t\t\t\t\t\t\t\t\t<a href=\"https:\/\/truyenhinhso.biz.vn\/index.php\/2025\/09\/29\/man-hinh-hien-thi-trong-nha-led-samsung-dong-ifa-giai-phap-cong-nghe-hien-dai-hoi-nghi-va-trung-tam-dieu-hanh\/\" target=\"_self\" rel=\"bookmark noopener noreferrer\" class='uagb-image-ratio-2-3'><img loading=\"lazy\" decoding=\"async\" width=\"1024\" height=\"685\" src=\"https:\/\/truyenhinhso.biz.vn\/wp-content\/uploads\/2025\/09\/image-1024x685.png\" class=\"attachment-large size-large\" alt=\"\" srcset=\"https:\/\/truyenhinhso.biz.vn\/wp-content\/uploads\/2025\/09\/image-1024x685.png 1024w, https:\/\/truyenhinhso.biz.vn\/wp-content\/uploads\/2025\/09\/image-300x201.png 300w, https:\/\/truyenhinhso.biz.vn\/wp-content\/uploads\/2025\/09\/image-768x514.png 768w, https:\/\/truyenhinhso.biz.vn\/wp-content\/uploads\/2025\/09\/image-1320x883.png 1320w, https:\/\/truyenhinhso.biz.vn\/wp-content\/uploads\/2025\/09\/image-600x401.png 600w, https:\/\/truyenhinhso.biz.vn\/wp-content\/uploads\/2025\/09\/image.png 1440w\" sizes=\"auto, (max-width: 1024px) 100vw, 1024px\" \/>\t\t\t\t\t<\/a>\n\t\t\t\t\t\t\t<\/div>\n\t\t\t\t\t\t<h4 class=\"uagb-post__title uagb-post__text\">\n\t\t\t\t<a href=\"https:\/\/truyenhinhso.biz.vn\/index.php\/2025\/09\/29\/man-hinh-hien-thi-trong-nha-led-samsung-dong-ifa-giai-phap-cong-nghe-hien-dai-hoi-nghi-va-trung-tam-dieu-hanh\/\" target=\"_self\" rel=\"bookmark noopener noreferrer\">M\u00e0n H\u00ecnh Hi\u1ec3n Th\u1ecb Trong Nh\u00e0 LED Samsung D\u00f2ng IFA<\/a>\n\t\t\t<\/h4>\n\t\t\t\t\t\t<div class='uagb-post__text uagb-post-grid-byline'>\n\t\t\t\t\t\t\t\t<time datetime=\"2025-09-29T08:56:06+00:00\" class=\"uagb-post__date\">\n\t\t\t\t<span class=\"dashicons-calendar dashicons\"><\/span>\t\t\t\t\t29 Th\u00e1ng 9, 2025\t\t\t\t<\/time>\n\t\t\t\t\t\t\t<span class=\"uagb-post__comment\">\n\t\t\t\t<span class=\"dashicons-admin-comments dashicons\"><\/span>\t\t\t\t\tKh\u00f4ng c\u00f3 b\u00ecnh lu\u1eadn\t\t\t\t<\/span>\n\t\t\t\t\t\t<\/div>\n\t\t\t\t\t\t\t<div class='uagb-post__text uagb-post__excerpt'>\n\t\t\t\t\t<p>Gi\u1ea3i Ph\u00e1p C\u00f4ng Ngh\u1ec7 Hi\u1ec7n \u0110\u1ea1i h\u1ed9i ngh\u1ecb v\u00e0 trung t\u00e2m \u0111i\u1ec1u h\u00e0nh. Trong th\u1eddi&#8230;\t\t\t\t<\/div>\n\t\t\t\t\t\t<div class=\"uagb-post__text uagb-post__cta wp-block-button\">\n\t\t\t\t<a class=\"wp-block-button__link uagb-text-link\" style=\"\" href=\"https:\/\/truyenhinhso.biz.vn\/index.php\/2025\/09\/29\/man-hinh-hien-thi-trong-nha-led-samsung-dong-ifa-giai-phap-cong-nghe-hien-dai-hoi-nghi-va-trung-tam-dieu-hanh\/\" target=\"_self\" rel=\"bookmark noopener noreferrer\">\u0110\u1ecdc th\u00eam<\/a>\n\t\t\t<\/div>\n\t\t\t\n\t\t\t\t\t\t\t\t\t<\/article>\n\t\t\t\t\t\t\t\t\t\t\t<\/div>\n\t\t\t","protected":false},"excerpt":{"rendered":"","protected":false},"author":1,"featured_media":0,"parent":0,"menu_order":0,"comment_status":"closed","ping_status":"closed","template":"","meta":{"_eb_attr":"","_uag_custom_page_level_css":"","site-sidebar-layout":"default","site-content-layout":"","ast-site-content-layout":"default","site-content-style":"default","site-sidebar-style":"default","ast-global-header-display":"","ast-banner-title-visibility":"","ast-main-header-display":"","ast-hfb-above-header-display":"","ast-hfb-below-header-display":"","ast-hfb-mobile-header-display":"","site-post-title":"","ast-breadcrumbs-content":"","ast-featured-img":"","footer-sml-layout":"","theme-transparent-header-meta":"","adv-header-id-meta":"","stick-header-meta":"","header-above-stick-meta":"","header-main-stick-meta":"","header-below-stick-meta":"","astra-migrate-meta-layouts":"default","ast-page-background-enabled":"default","ast-page-background-meta":{"desktop":{"background-color":"var(--ast-global-color-5)","background-image":"","background-repeat":"repeat","background-position":"center center","background-size":"auto","background-attachment":"scroll","background-type":"","background-media":"","overlay-type":"","overlay-color":"","overlay-opacity":"","overlay-gradient":""},"tablet":{"background-color":"","background-image":"","background-repeat":"repeat","background-position":"center center","background-size":"auto","background-attachment":"scroll","background-type":"","background-media":"","overlay-type":"","overlay-color":"","overlay-opacity":"","overlay-gradient":""},"mobile":{"background-color":"","background-image":"","background-repeat":"repeat","background-position":"center center","background-size":"auto","background-attachment":"scroll","background-type":"","background-media":"","overlay-type":"","overlay-color":"","overlay-opacity":"","overlay-gradient":""}},"ast-content-background-meta":{"desktop":{"background-color":"var(--ast-global-color-4)","background-image":"","background-repeat":"repeat","background-position":"center center","background-size":"auto","background-attachment":"scroll","background-type":"","background-media":"","overlay-type":"","overlay-color":"","overlay-opacity":"","overlay-gradient":""},"tablet":{"background-color":"var(--ast-global-color-4)","background-image":"","background-repeat":"repeat","background-position":"center center","background-size":"auto","background-attachment":"scroll","background-type":"","background-media":"","overlay-type":"","overlay-color":"","overlay-opacity":"","overlay-gradient":""},"mobile":{"background-color":"var(--ast-global-color-4)","background-image":"","background-repeat":"repeat","background-position":"center center","background-size":"auto","background-attachment":"scroll","background-type":"","background-media":"","overlay-type":"","overlay-color":"","overlay-opacity":"","overlay-gradient":""}},"footnotes":""},"class_list":["post-292","page","type-page","status-publish","hentry"],"jetpack_sharing_enabled":true,"uagb_featured_image_src":{"full":false,"thumbnail":false,"medium":false,"medium_large":false,"large":false,"post-slider-thumb-size":false,"post-category-slider-size":false,"1536x1536":false,"2048x2048":false,"mailpoet_newsletter_max":false,"woocommerce_thumbnail":false,"woocommerce_single":false,"woocommerce_gallery_thumbnail":false},"uagb_author_info":{"display_name":"admin","author_link":"https:\/\/truyenhinhso.biz.vn\/index.php\/author\/admin\/"},"uagb_comment_info":0,"uagb_excerpt":null,"jetpack-related-posts":[],"_links":{"self":[{"href":"https:\/\/truyenhinhso.biz.vn\/index.php\/wp-json\/wp\/v2\/pages\/292","targetHints":{"allow":["GET"]}}],"collection":[{"href":"https:\/\/truyenhinhso.biz.vn\/index.php\/wp-json\/wp\/v2\/pages"}],"about":[{"href":"https:\/\/truyenhinhso.biz.vn\/index.php\/wp-json\/wp\/v2\/types\/page"}],"author":[{"embeddable":true,"href":"https:\/\/truyenhinhso.biz.vn\/index.php\/wp-json\/wp\/v2\/users\/1"}],"replies":[{"embeddable":true,"href":"https:\/\/truyenhinhso.biz.vn\/index.php\/wp-json\/wp\/v2\/comments?post=292"}],"version-history":[{"count":7,"href":"https:\/\/truyenhinhso.biz.vn\/index.php\/wp-json\/wp\/v2\/pages\/292\/revisions"}],"predecessor-version":[{"id":727,"href":"https:\/\/truyenhinhso.biz.vn\/index.php\/wp-json\/wp\/v2\/pages\/292\/revisions\/727"}],"wp:attachment":[{"href":"https:\/\/truyenhinhso.biz.vn\/index.php\/wp-json\/wp\/v2\/media?parent=292"}],"curies":[{"name":"wp","href":"https:\/\/api.w.org\/{rel}","templated":true}]}}